{"id":436,"date":"2019-04-15T16:13:47","date_gmt":"2019-04-15T16:13:47","guid":{"rendered":"http:\/\/172.26.90.20\/wordpress\/?page_id=436"},"modified":"2020-05-20T11:53:24","modified_gmt":"2020-05-20T09:53:24","slug":"quienes-somos","status":"publish","type":"page","link":"https:\/\/www.espacioformacion.com\/es\/quienes-somos\/","title":{"rendered":"Qui\u00e9nes somos"},"content":{"rendered":"\t\t<div data-elementor-type=\"wp-post\" data-elementor-id=\"436\" class=\"elementor elementor-436\">\n\t\t\t\t\t\t<section class=\"elementor-section elementor-top-section elementor-element elementor-element-3070ce69 elementor-section-boxed elementor-section-height-default elementor-section-height-default\" data-id=\"3070ce69\" data-element_type=\"section\" data-settings=\"{&quot;background_background&quot;:&quot;classic&quot;}\">\n\t\t\t\t\t\t<div class=\"elementor-container elementor-column-gap-wider\">\n\t\t\t\t\t<div class=\"elementor-column elementor-col-33 elementor-top-column elementor-element elementor-element-501379e\" data-id=\"501379e\" data-element_type=\"column\">\n\t\t\t<div class=\"elementor-widget-wrap elementor-element-populated\">\n\t\t\t\t\t\t<div class=\"elementor-element elementor-element-119f4e0 elementor-widget elementor-widget-image\" data-id=\"119f4e0\" data-element_type=\"widget\" data-widget_type=\"image.default\">\n\t\t\t\t<div class=\"elementor-widget-container\">\n\t\t\t\t\t\t\t\t\t\t\t\t\t\t\t<img decoding=\"async\" src=\"http:\/\/172.26.90.20\/wordpress\/wp-content\/uploads\/2019\/04\/historia-identidad-466x621.jpeg\" title=\"\" alt=\"\" loading=\"lazy\" \/>\t\t\t\t\t\t\t\t\t\t\t\t\t\t\t<\/div>\n\t\t\t\t<\/div>\n\t\t\t\t\t<\/div>\n\t\t<\/div>\n\t\t\t\t<div class=\"elementor-column elementor-col-66 elementor-top-column elementor-element elementor-element-627d3c9f\" data-id=\"627d3c9f\" data-element_type=\"column\">\n\t\t\t<div class=\"elementor-widget-wrap elementor-element-populated\">\n\t\t\t\t\t\t<div class=\"elementor-element elementor-element-659bb820 elementor-widget elementor-widget-text-editor\" data-id=\"659bb820\" data-element_type=\"widget\" data-widget_type=\"text-editor.default\">\n\t\t\t\t<div class=\"elementor-widget-container\">\n\t\t\t\t\t\t\t\t\t<p class=\"contenido\"><b>Espacio Formaci\u00f3n<\/b>\u00a0nace en el a\u00f1o 2000, creado por el\u00a0<b>Grupo Lehmberg<\/b>, con el objetivo de cubrir las necesidades de productos y soluciones estrat\u00e9gicas de las empresas de formaci\u00f3n. Ofreciendo un abanico de las oportunidades de negocio en un mercado muy competitivo. Espacio Formaci\u00f3n, despu\u00e9s de una trayectoria de m\u00e1s de 10 a\u00f1os de experiencia al servicio de las empresas de formaci\u00f3n y con el aval continuo de nuestro cliente se ha consolidado como una empresa\u00a0<b>l\u00edder<\/b>\u00a0a nivel nacional en su sector.<\/p><p class=\"contenido\">Desde esta responsabilidad, elaboramos cada uno de nuestros productos y servicios, poniendo al alcance de las empresas de formaci\u00f3n las herramientas necesarias para alcanzar los objetivos de rentabilidad y m\u00e1xima excelencia.<\/p><p class=\"contenido\">Nuestras soluciones est\u00e1n pensadas para ofrecer un\u00a0<b>servicio integral<\/b>\u00a0a las empresas de formaci\u00f3n capaz de cubrir todas las \u00e1reas de desarrollo: consultor\u00eda en un amplio abanico de servicios de formaci\u00f3n; desarrollo de productos tecnol\u00f3gicos para la gesti\u00f3n y la docencia; amplio cat\u00e1logo de t\u00edtulo para la formaci\u00f3n tanto presencial, a distancia como e-learning; productos para promocionar sus cursos y su empresa.<\/p><p class=\"contenido\">Espacio Formaci\u00f3n pertenece al Grupo Lehmberg, con una experiencia de m\u00e1s de 25 a\u00f1os en el sector de la formaci\u00f3n. Las personas que lo forman, que trabajan todos los d\u00edas buscando alternativas para las empresas de formaci\u00f3n y la calidad de nuestros productos y servicios hacen de Espacio Formaci\u00f3n una empresa de\u00a0<b>referencia<\/b>\u00a0en la actualidad.<\/p>\t\t\t\t\t\t\t\t<\/div>\n\t\t\t\t<\/div>\n\t\t\t\t\t<\/div>\n\t\t<\/div>\n\t\t\t\t\t<\/div>\n\t\t<\/section>\n\t\t\t\t<section class=\"elementor-section elementor-top-section elementor-element elementor-element-c532cbe elementor-section-boxed elementor-section-height-default elementor-section-height-default\" data-id=\"c532cbe\" data-element_type=\"section\">\n\t\t\t\t\t\t<div class=\"elementor-container elementor-column-gap-default\">\n\t\t\t\t\t<div class=\"elementor-column elementor-col-100 elementor-top-column elementor-element elementor-element-e1489a4\" data-id=\"e1489a4\" data-element_type=\"column\">\n\t\t\t<div class=\"elementor-widget-wrap elementor-element-populated\">\n\t\t\t\t\t\t<div class=\"elementor-element elementor-element-42aa78c elementor-widget elementor-widget-text-editor\" data-id=\"42aa78c\" data-element_type=\"widget\" data-widget_type=\"text-editor.default\">\n\t\t\t\t<div class=\"elementor-widget-container\">\n\t\t\t\t\t\t\t\t\t<h1>Valores y misi\u00f3n<\/h1><p class=\"contenido\">Nuestra misi\u00f3n empresarial es crear, adecuar, personalizar y comercializar productos y servicios que hagan que usted logre sus objetivos de m\u00e1xima rentabilidad y excelencia.<\/p><p class=\"contenido\">Apostamos por un trabajo minucioso, personalizado y de calidad, en el que el buen trato y el asesoramiento a los centros de formaci\u00f3n son los requisitos imprescindibles en nuestra labor empresarial.<\/p>\t\t\t\t\t\t\t\t<\/div>\n\t\t\t\t<\/div>\n\t\t\t\t<div class=\"elementor-element elementor-element-9f2f196 elementor-widget elementor-widget-text-editor\" data-id=\"9f2f196\" data-element_type=\"widget\" data-widget_type=\"text-editor.default\">\n\t\t\t\t<div class=\"elementor-widget-container\">\n\t\t\t\t\t\t\t\t\t<h1>\u00bfPor qu\u00e9 elegir Espacio Formaci\u00f3n?<\/h1><p>Nuestra ventaja competitiva es la de tener la capacidad de poner a su disposici\u00f3n <strong>TODO LO QUE SU CENTRO NECESITA<\/strong>. Los m\u00faltiples servicios y productos que ofrecemos est\u00e1n pensados para que usted pueda suplir cualquier necesidad en su actividad formativa.<\/p><p>Nuestro <strong>conocimiento exhaustivo<\/strong> de la legislaci\u00f3n y en el sector de la formaci\u00f3n, le proporcionar\u00e1 informaci\u00f3n privilegiada que le abrir\u00e1 el acceso a nuevas oportunidades en el mercado, optimizando la rentabilidad de su centro.<br \/>Adem\u00e1s, en Espacio Formaci\u00f3n le ofrecemos como valor a\u00f1adido la promoci\u00f3n de su centro y los cursos que ofrece de forma gratuita en la Plataforma de Elige Formaci\u00f3n al contratar nuestros productos servicios, as\u00ed como la publicaci\u00f3n en nuestras redes sociales.<\/p><p>El <strong>personal altamente cualificado<\/strong> en cada una de las \u00e1reas, as\u00ed como la gran experiencia adquirida durante m\u00e1s de 10 a\u00f1os en el sector de la formaci\u00f3n son garant\u00edas de su \u00e9xito en todos los servicios y productos contratados con nosotros.<\/p>\t\t\t\t\t\t\t\t<\/div>\n\t\t\t\t<\/div>\n\t\t\t\t\t<\/div>\n\t\t<\/div>\n\t\t\t\t\t<\/div>\n\t\t<\/section>\n\t\t\t\t<\/div>\n\t\t","protected":false},"excerpt":{"rendered":"<p>Espacio Formaci\u00f3n&nbsp;nace en el a\u00f1o 2000, creado por el&nbsp;Grupo Lehmberg, con el objetivo de cubrir las necesidades de productos y [&hellip;]<\/p>\n","protected":false},"author":1,"featured_media":0,"parent":0,"menu_order":0,"comment_status":"closed","ping_status":"closed","template":"page-templates\/template_fullwidth.php","meta":{"footnotes":""},"class_list":["post-436","page","type-page","status-publish","hentry"],"_links":{"self":[{"href":"https:\/\/www.espacioformacion.com\/es\/wp-json\/wp\/v2\/pages\/436","targetHints":{"allow":["GET"]}}],"collection":[{"href":"https:\/\/www.espacioformacion.com\/es\/wp-json\/wp\/v2\/pages"}],"about":[{"href":"https:\/\/www.espacioformacion.com\/es\/wp-json\/wp\/v2\/types\/page"}],"author":[{"embeddable":true,"href":"https:\/\/www.espacioformacion.com\/es\/wp-json\/wp\/v2\/users\/1"}],"replies":[{"embeddable":true,"href":"https:\/\/www.espacioformacion.com\/es\/wp-json\/wp\/v2\/comments?post=436"}],"version-history":[{"count":1,"href":"https:\/\/www.espacioformacion.com\/es\/wp-json\/wp\/v2\/pages\/436\/revisions"}],"predecessor-version":[{"id":913,"href":"https:\/\/www.espacioformacion.com\/es\/wp-json\/wp\/v2\/pages\/436\/revisions\/913"}],"wp:attachment":[{"href":"https:\/\/www.espacioformacion.com\/es\/wp-json\/wp\/v2\/media?parent=436"}],"curies":[{"name":"wp","href":"https:\/\/api.w.org\/{rel}","templated":true}]}}