{"id":769,"date":"2019-04-29T17:53:07","date_gmt":"2019-04-29T15:53:07","guid":{"rendered":"https:\/\/sage.espacioformacion.com\/?page_id=769"},"modified":"2019-04-29T17:54:51","modified_gmt":"2019-04-29T15:54:51","slug":"politica-de-cookies","status":"publish","type":"page","link":"https:\/\/www.espacioformacion.com\/es\/politica-de-cookies\/","title":{"rendered":"Pol\u00edtica de cookies"},"content":{"rendered":"\t\t<div data-elementor-type=\"wp-post\" data-elementor-id=\"769\" class=\"elementor elementor-769\">\n\t\t\t\t\t\t<section class=\"elementor-section elementor-top-section elementor-element elementor-element-1561dd5 elementor-section-boxed elementor-section-height-default elementor-section-height-default\" data-id=\"1561dd5\" data-element_type=\"section\">\n\t\t\t\t\t\t<div class=\"elementor-container elementor-column-gap-default\">\n\t\t\t\t\t<div class=\"elementor-column elementor-col-100 elementor-top-column elementor-element elementor-element-89cd2fa\" data-id=\"89cd2fa\" data-element_type=\"column\">\n\t\t\t<div class=\"elementor-widget-wrap elementor-element-populated\">\n\t\t\t\t\t\t<div class=\"elementor-element elementor-element-7cfba5c elementor-widget elementor-widget-text-editor\" data-id=\"7cfba5c\" data-element_type=\"widget\" data-widget_type=\"text-editor.default\">\n\t\t\t\t<div class=\"elementor-widget-container\">\n\t\t\t\t\t\t\t\t\t<div id=\"cabecera\" class=\"cabecera\" align=\"center\"><div id=\"textocabecera\" class=\"cabeceraTxT\" style=\"text-align: left;\"><strong>1.<\/strong><strong>\u00a0\u00bfQU\u00c9 SON LAS COOKIES?<\/strong><\/div><\/div><div id=\"cuerpo\" class=\"cuerpo textonormal\"><p>INTERCONSULTING BUREAU, S.L. es responsable de la p\u00e1gina web www.espacioformacion.com, y utiliza cookies y\/u otros archivos de funcionalidad similar (en adelante \u201cCookies\u201d).<\/p><p>Las Cookies son peque\u00f1os archivos de datos que se env\u00edan al ordenador del usuario, tel\u00e9fono m\u00f3vil u otro dispositivo de acceso cuando visita una p\u00e1gina web y que permiten obtener informaci\u00f3n relativa a su navegaci\u00f3n o un c\u00f3digo que permite identificar un\u00edvocamente al usuario.<\/p><p><strong>2.<\/strong><strong>\u00a0TIPOLOG\u00cdA DE COOKIES Y FINALIDADES DE USO<\/strong><\/p><p>La p\u00e1gina web www.espacioformacion.com utiliza Cookies de sesi\u00f3n y\/o Cookies persistentes que, a su vez, pueden ser Cookies propias y\/o de terceros.\u00a0<\/p><p>Las Cookies de sesi\u00f3n son cookies dise\u00f1adas para recabar y almacenar datos mientras el usuario accede a una p\u00e1gina web. Se suelen emplear para almacenar informaci\u00f3n que solo interesa conservar para la prestaci\u00f3n del servicio solicitado por el usuario en una sola ocasi\u00f3n.<\/p><p>Las Cookies persistentes son un tipo de cookies en el que los datos siguen almacenados en el terminal y a los que se puede acceder y tratar durante un periodo definido por el responsable de la cookie, y que puede ir de unos minutos a varios a\u00f1os.<\/p><p>Cookies propias: Las creadas o gestionadas por el responsable de la p\u00e1gina web INTERCONSULTING BUREAU, S.L. La p\u00e1gina web www.espacioformacion.com, utiliza Cookies propias con las siguientes finalidades:<\/p><ul><li><strong>T\u00e9cnicas<\/strong>: permiten al usuario la navegaci\u00f3n la utilizaci\u00f3n de las diferentes opciones o servicios que en ella existan como, por ejemplo, controlar el tr\u00e1fico y la comunicaci\u00f3n de datos, identificar la sesi\u00f3n, acceder a partes de acceso restringido, utilizar elementos de seguridad durante la navegaci\u00f3n, almacenar contenidos.<\/li><\/ul><ul><li><strong>Personalizaci\u00f3n<\/strong>: permiten al usuario acceder al servicio con algunas caracter\u00edsticas de car\u00e1cter general predefinidas en funci\u00f3n de una serie de criterios en el terminal del usuario como, por ejemplo, recordar preferencias de reproducci\u00f3n de v\u00eddeos.<\/li><\/ul><p>Cookies de terceros:\u00a0Las administradas por prestadores de servicios ajenos a INTERCONSULTING BUREAU, S.L.<\/p><p>A continuaci\u00f3n, se detallan tanto los terceros que pueden configurar y acceder a Cookies de su equipo, como las finalidades con las que se utiliza la informaci\u00f3n que almacenan:<\/p><table border=\"1\" width=\"100%\" cellspacing=\"0\" cellpadding=\"0\" align=\"center\"><tbody><tr><td><p><strong>FINALIDAD<\/strong><\/p><\/td><td><p><strong>TERCERO<\/strong><\/p><\/td><td><p><strong>M\u00c1S INFORMACI\u00d3N<\/strong><\/p><\/td><\/tr><tr><td><p>An\u00e1lisis: Las cookies anal\u00edticas se utilizan<br \/>para elaborar perfiles de navegaci\u00f3n y poder<br \/>conocer las preferencias de los usuarios con<br \/>el fin de mejorar la oferta de productos y servicios.<\/p><\/td><td><p>Google<\/p><\/td><td><p><a href=\"https:\/\/developers.google.com\/analytics\/devguides\/collection\/analyticsjs\/cookie-usage\" target=\"_blank\" rel=\"noopener\">Pulse aqu\u00ed<\/a><\/p><\/td><\/tr><tr><td><p>Redes sociales: con las que interactuamos en nuestra web utilizan cookies en sus botones para compartir. No tenemos ninguna intervenci\u00f3n, control o reporte de resultados, son responsabilidad de cada red social. Cuando el Usuario se registra en un Servicio con credenciales de una red social, autoriza a la red social a guardar una Cookie persistente que recuerda su identidad y le garantiza acceso a los Servicios hasta que expira. El Usuario puede borrar esta Cookie y revocar el acceso a los Servicios mediante redes sociales actualizando sus preferencias en la red social que espec\u00edfica.<\/p><\/td><td><p>Facebook<\/p><p>Connect<\/p><\/td><td><p><a href=\"https:\/\/www.facebook.com\/about\/privacy\">Pulse aqu\u00ed<\/a><\/p><\/td><\/tr><\/tbody><\/table><div>\u00a0<\/div><p><strong>3.<\/strong><strong>\u00a0DESACTIVACI\u00d3N O ELIMINACI\u00d3N DE LAS COOKIES<\/strong><\/p><p>La mayor\u00eda de navegadores web permite gestionar, en cualquier momento, las preferencias del usuario sobre el uso de las Cookies. El usuario puede ajustar su navegador para que rechace Cookies o elimine determinadas Cookies seg\u00fan su criterio<\/p><p>Para la configuraci\u00f3n de las Cookies el usuario puede acceder a:<\/p><ul><li><a href=\"https:\/\/support.google.com\/chrome\/answer\/95647?co=GENIE.Platform=Desktop&amp;&amp;hl=es\" target=\"_blank\" rel=\"noopener\"><strong>Google Chrome<\/strong><\/a><\/li><li><a href=\"https:\/\/support.mozilla.org\/es\/kb\/impedir-que-los-sitios-web-guarden-sus-preferencia\" target=\"_blank\" rel=\"noopener\"><strong>Mozilla Firefox<\/strong><\/a><\/li><li><a href=\"https:\/\/support.microsoft.com\/es-es\/help\/17442\/windows-internet-explorer-delete-manage-cookies\" target=\"_blank\" rel=\"noopener\"><strong>Internet Explorer<\/strong><\/a><\/li><li><a href=\"https:\/\/privacy.microsoft.com\/es-ES\/windows-10-microsoft-edge-and-privacy\" target=\"_blank\" rel=\"noopener\"><strong>Microsoft Edge<\/strong><\/a><\/li><li><a href=\"https:\/\/support.apple.com\/es-es\/HT201265\" target=\"_blank\" rel=\"noopener\"><strong>Safari<\/strong><\/a><\/li><li><a href=\"http:\/\/help.opera.com\/Linux\/10.60\/es-ES\/cookies.html\" target=\"_blank\" rel=\"noopener\"><strong>Opera 19<\/strong><\/a><\/li><\/ul><p>El usuario puede revocar su consentimiento para el uso de Cookies en su navegador a trav\u00e9s de las indicaciones anteriores o a trav\u00e9s de la instalaci\u00f3n de un sistema de rechazo, (\u201copt-out\u201d) en su navegador web.<\/p><p>En el caso de las Cookies de Google Analytics, el opt-out puede realizarse a trav\u00e9s del\u00a0<a href=\"https:\/\/tools.google.com\/dlpage\/gaoptout?hl=None\">siguiente enlace<\/a>.<\/p><p>El usuario debe tener en cuenta que algunas caracter\u00edsticas de los contenidos de la P\u00e1gina Web\u00a0www.espacioformacion.com solo est\u00e1n disponibles si se permite la instalaci\u00f3n de Cookies en su navegador. Si decide no aceptar o bloquear determinadas Cookies (en funci\u00f3n de su finalidad), puede que esto afecte, total o parcialmente, al funcionamiento normal de la P\u00e1gina Web o que impida el acceso a algunos servicios de la misma.<\/p><p><strong>4.<\/strong><strong>\u00a0ACTUALIZACIONES Y CAMBIOS EN LA POL\u00cdTICA DE COOKIES<\/strong><\/p><p>INTERCONSULTING BUREAU, S.L. puede modificar esta Pol\u00edtica de Cookies en funci\u00f3n de nuevas exigencias legislativas, reglamentarias, o con la finalidad de adaptar dicha pol\u00edtica a las instrucciones dictadas por la Agencia Espa\u00f1ola de Protecci\u00f3n de Datos.<\/p><p>Si desea m\u00e1s informaci\u00f3n sobre qu\u00e9 uso hacemos de las Cookies, puede enviarnos un e-mail a\u00a0arco@datoscenter.com<\/p><\/div>\t\t\t\t\t\t\t\t<\/div>\n\t\t\t\t<\/div>\n\t\t\t\t\t<\/div>\n\t\t<\/div>\n\t\t\t\t\t<\/div>\n\t\t<\/section>\n\t\t\t\t<\/div>\n\t\t","protected":false},"excerpt":{"rendered":"<p>1.\u00a0\u00bfQU\u00c9 SON LAS COOKIES? INTERCONSULTING BUREAU, S.L. es responsable de la p\u00e1gina web www.espacioformacion.com, y utiliza cookies y\/u otros archivos [&hellip;]<\/p>\n","protected":false},"author":1,"featured_media":0,"parent":0,"menu_order":0,"comment_status":"closed","ping_status":"closed","template":"page-templates\/template_fullwidth.php","meta":{"footnotes":""},"class_list":["post-769","page","type-page","status-publish","hentry"],"_links":{"self":[{"href":"https:\/\/www.espacioformacion.com\/es\/wp-json\/wp\/v2\/pages\/769","targetHints":{"allow":["GET"]}}],"collection":[{"href":"https:\/\/www.espacioformacion.com\/es\/wp-json\/wp\/v2\/pages"}],"about":[{"href":"https:\/\/www.espacioformacion.com\/es\/wp-json\/wp\/v2\/types\/page"}],"author":[{"embeddable":true,"href":"https:\/\/www.espacioformacion.com\/es\/wp-json\/wp\/v2\/users\/1"}],"replies":[{"embeddable":true,"href":"https:\/\/www.espacioformacion.com\/es\/wp-json\/wp\/v2\/comments?post=769"}],"version-history":[{"count":5,"href":"https:\/\/www.espacioformacion.com\/es\/wp-json\/wp\/v2\/pages\/769\/revisions"}],"predecessor-version":[{"id":1052,"href":"https:\/\/www.espacioformacion.com\/es\/wp-json\/wp\/v2\/pages\/769\/revisions\/1052"}],"wp:attachment":[{"href":"https:\/\/www.espacioformacion.com\/es\/wp-json\/wp\/v2\/media?parent=769"}],"curies":[{"name":"wp","href":"https:\/\/api.w.org\/{rel}","templated":true}]}}